{"id":158,"date":"2022-08-11T20:58:53","date_gmt":"2022-08-11T20:58:53","guid":{"rendered":"https:\/\/jav.rji.mybluehost.me\/?page_id=158"},"modified":"2022-10-17T20:49:48","modified_gmt":"2022-10-17T20:49:48","slug":"sobre-nosotros","status":"publish","type":"page","link":"https:\/\/www.sosgreen.cl\/?page_id=158","title":{"rendered":""},"content":{"rendered":"\n<div class=\"wp-block-cover alignfull\" style=\"min-height:700px;aspect-ratio:unset;\"><span aria-hidden=\"true\" class=\"wp-block-cover__background has-background-dim\"><\/span><img data-recalc-dims=\"1\" loading=\"lazy\" decoding=\"async\" width=\"1200\" height=\"675\" class=\"wp-block-cover__image-background wp-image-467\" alt=\"\" src=\"https:\/\/i0.wp.com\/sosgreen.cl\/wp-content\/uploads\/2022\/08\/2397-2.jpg?resize=1200%2C675&#038;ssl=1\" data-object-fit=\"cover\" srcset=\"https:\/\/i0.wp.com\/www.sosgreen.cl\/wp-content\/uploads\/2022\/08\/2397-2.jpg?w=1244&amp;ssl=1 1244w, https:\/\/i0.wp.com\/www.sosgreen.cl\/wp-content\/uploads\/2022\/08\/2397-2.jpg?resize=300%2C169&amp;ssl=1 300w, https:\/\/i0.wp.com\/www.sosgreen.cl\/wp-content\/uploads\/2022\/08\/2397-2.jpg?resize=1024%2C576&amp;ssl=1 1024w, https:\/\/i0.wp.com\/www.sosgreen.cl\/wp-content\/uploads\/2022\/08\/2397-2.jpg?resize=768%2C432&amp;ssl=1 768w\" sizes=\"auto, (max-width: 1200px) 100vw, 1200px\" \/><div class=\"wp-block-cover__inner-container is-layout-flow wp-block-cover-is-layout-flow\">\n<p class=\"has-text-align-left margen has-nv-text-dark-bg-color has-text-color\" style=\"font-size:50px\"><strong>Nosotros<\/strong><\/p>\n\n\n\n<div style=\"height:100px\" aria-hidden=\"true\" class=\"wp-block-spacer\"><\/div>\n<\/div><\/div>\n\n\n\n<div style=\"height:64px\" aria-hidden=\"true\" class=\"wp-block-spacer\"><\/div>\n\n\n\n<h2 class=\"has-text-align-center wp-block-heading\">Misi\u00f3n<\/h2>\n\n\n\n<hr class=\"wp-block-separator has-alpha-channel-opacity\"\/>\n\n\n\n<p class=\"has-text-align-center\"><p> Somos una consultora ambiental que asesora a sus clientes en el cumplimiento de la normativa ambiental y en desarrollar estrategias corporativas que permitan que las distintas actividades productivas disminuyan sus impactos ambientales, cumpliendo con est\u00e1ndares y requerimientos en materia ambiental e implementando buenas pr\u00e1cticas dirigidas a generar un desarrollo sostenible.&nbsp;<\/p><\/p>\n\n\n\n<h2 class=\"has-text-align-center wp-block-heading\">Visi\u00f3n<\/h2>\n\n\n\n<hr class=\"wp-block-separator has-alpha-channel-opacity\"\/>\n\n\n\n<p class=\"has-text-align-center\"><p>Buscamos ser una empresa l\u00edder en asesor\u00edas ambientales, teniendo como valor agregado la transversalidad de nuestras \u00e1reas de negocio, altos est\u00e1ndares de calidad y compromiso con nuestros clientes. Buscamos con esto fomentar el desarrollo sostenible del pa\u00eds y de los nuevos proyectos de inversi\u00f3n.<\/p><\/p>\n\n\n\n<h2 class=\"has-text-align-center wp-block-heading\"><b>Valores<\/b>&nbsp;<\/h2>\n\n\n\n<hr class=\"wp-block-separator has-alpha-channel-opacity\"\/>\n\n\n\n<p class=\"has-text-align-center\"><p>En el camino para lograr nuestros objetivos y nuestra visi\u00f3n, la empresa es guiada por cuatro valores fundamentales en los cuales se centra todo nuestro esfuerzo y colaboraci\u00f3n.<\/p><\/p>\n\n\n\n<figure class=\"wp-block-table\"><table><tbody><tr><td class=\"has-text-align-center\" data-align=\"center\"><strong>EXCELENCIA<\/strong><\/td><td class=\"has-text-align-center\" data-align=\"center\"><strong>INTEGRIDAD<\/strong><\/td><td class=\"has-text-align-center\" data-align=\"center\"><strong>RESPETO<\/strong><\/td><td class=\"has-text-align-center\" data-align=\"center\"><strong>RESPONSABILIDAD<\/strong><\/td><td>&nbsp;<\/td><\/tr><tr><td class=\"has-text-align-center\" data-align=\"center\">Nuestra cultura es<br>generar valor y hacer<br>las cosas bien, a fin<br>de lograr cada vez<br>mejores resultados.<\/td><td class=\"has-text-align-center\" data-align=\"center\">Hacer lo correcto<br>en todas las <br>situaciones es prioridad<br>en nuestra forma de<br>Trabajo.<\/td><td class=\"has-text-align-center\" data-align=\"center\"><br>Clave en el equipo y en la <br>relaci\u00f3n con nuestros <br>clientes. Sin el no podr\u00edamos<br>practicar otros valores<br>como la honestidad,<br> solidaridad y empat\u00eda.<\/td><td class=\"has-text-align-center\" data-align=\"center\"><br>Somos responsables<br>con nuestro presente<br>y  futuro, <br>cumpliendo con<br>los compromisos que<br>nos planteamos.<\/td><td>&nbsp;<\/td><\/tr><\/tbody><\/table><\/figure>\n\n\n\n<div style=\"height:100px\" aria-hidden=\"true\" class=\"wp-block-spacer\"><\/div>\n","protected":false},"excerpt":{"rendered":"<p>Misi\u00f3n Somos una consultora ambiental que asesora a sus clientes en el cumplimiento de la normativa ambiental y en desarrollar estrategias corporativas que permitan que las distintas actividades productivas disminuyan sus impactos ambientales, cumpliendo con est\u00e1ndares y requerimientos en materia ambiental e implementando buenas pr\u00e1cticas dirigidas a generar un desarrollo sostenible.&nbsp; Visi\u00f3n Buscamos ser una&hellip;&nbsp;<a href=\"https:\/\/www.sosgreen.cl\/?page_id=158\" class=\"\" rel=\"bookmark\">Leer m\u00e1s &raquo;<span class=\"screen-reader-text\"><\/span><\/a><\/p>\n","protected":false},"author":1,"featured_media":462,"parent":0,"menu_order":0,"comment_status":"closed","ping_status":"closed","template":"","meta":{"nf_dc_page":"","_coblocks_attr":"","_coblocks_dimensions":"","_coblocks_responsive_height":"","_coblocks_accordion_ie_support":"","_eb_attr":"","om_disable_all_campaigns":false,"_monsterinsights_skip_tracking":false,"_monsterinsights_sitenote_active":false,"_monsterinsights_sitenote_note":"","_monsterinsights_sitenote_category":0,"neve_meta_sidebar":"","neve_meta_container":"","neve_meta_enable_content_width":"off","neve_meta_content_width":100,"neve_meta_title_alignment":"","neve_meta_author_avatar":"","neve_post_elements_order":"","neve_meta_disable_header":"","neve_meta_disable_footer":"","neve_meta_disable_title":"","_joinchat":[],"footnotes":""},"class_list":["post-158","page","type-page","status-publish","has-post-thumbnail","hentry"],"aioseo_notices":[],"yoast_head":"<!-- This site is optimized with the Yoast SEO plugin v27.4 - https:\/\/yoast.com\/product\/yoast-seo-wordpress\/ -->\n<title>- SOS GREEN<\/title>\n<meta name=\"robots\" content=\"index, follow, max-snippet:-1, max-image-preview:large, max-video-preview:-1\" \/>\n<link rel=\"canonical\" href=\"https:\/\/www.sosgreen.cl\/?page_id=158\" \/>\n<meta property=\"og:locale\" content=\"es_ES\" \/>\n<meta property=\"og:type\" content=\"article\" \/>\n<meta property=\"og:title\" content=\"- SOS GREEN\" \/>\n<meta property=\"og:description\" content=\"Misi\u00f3n Somos una consultora ambiental que asesora a sus clientes en el cumplimiento de la normativa ambiental y en desarrollar estrategias corporativas que permitan que las distintas actividades productivas disminuyan sus impactos ambientales, cumpliendo con est\u00e1ndares y requerimientos en materia ambiental e implementando buenas pr\u00e1cticas dirigidas a generar un desarrollo sostenible.&nbsp; Visi\u00f3n Buscamos ser una&hellip;&nbsp;Leer m\u00e1s &raquo;\" \/>\n<meta property=\"og:url\" content=\"https:\/\/www.sosgreen.cl\/?page_id=158\" \/>\n<meta property=\"og:site_name\" content=\"SOS GREEN\" \/>\n<meta property=\"article:modified_time\" content=\"2022-10-17T20:49:48+00:00\" \/>\n<meta property=\"og:image\" content=\"https:\/\/i0.wp.com\/www.sosgreen.cl\/wp-content\/uploads\/2022\/08\/2397.jpg?fit=1244%2C700&ssl=1\" \/>\n\t<meta property=\"og:image:width\" content=\"1244\" \/>\n\t<meta property=\"og:image:height\" content=\"700\" \/>\n\t<meta property=\"og:image:type\" content=\"image\/jpeg\" \/>\n<meta name=\"twitter:card\" content=\"summary_large_image\" \/>\n<meta name=\"twitter:label1\" content=\"Tiempo de lectura\" \/>\n\t<meta name=\"twitter:data1\" content=\"2 minutos\" \/>\n<script type=\"application\/ld+json\" class=\"yoast-schema-graph\">{\"@context\":\"https:\\\/\\\/schema.org\",\"@graph\":[{\"@type\":\"WebPage\",\"@id\":\"https:\\\/\\\/www.sosgreen.cl\\\/?page_id=158\",\"url\":\"https:\\\/\\\/www.sosgreen.cl\\\/?page_id=158\",\"name\":\"- SOS GREEN\",\"isPartOf\":{\"@id\":\"https:\\\/\\\/www.sosgreen.cl\\\/#website\"},\"primaryImageOfPage\":{\"@id\":\"https:\\\/\\\/www.sosgreen.cl\\\/?page_id=158#primaryimage\"},\"image\":{\"@id\":\"https:\\\/\\\/www.sosgreen.cl\\\/?page_id=158#primaryimage\"},\"thumbnailUrl\":\"https:\\\/\\\/i0.wp.com\\\/www.sosgreen.cl\\\/wp-content\\\/uploads\\\/2022\\\/08\\\/2397.jpg?fit=1244%2C700&ssl=1\",\"datePublished\":\"2022-08-11T20:58:53+00:00\",\"dateModified\":\"2022-10-17T20:49:48+00:00\",\"inLanguage\":\"es\",\"potentialAction\":[{\"@type\":\"ReadAction\",\"target\":[\"https:\\\/\\\/www.sosgreen.cl\\\/?page_id=158\"]}]},{\"@type\":\"ImageObject\",\"inLanguage\":\"es\",\"@id\":\"https:\\\/\\\/www.sosgreen.cl\\\/?page_id=158#primaryimage\",\"url\":\"https:\\\/\\\/i0.wp.com\\\/www.sosgreen.cl\\\/wp-content\\\/uploads\\\/2022\\\/08\\\/2397.jpg?fit=1244%2C700&ssl=1\",\"contentUrl\":\"https:\\\/\\\/i0.wp.com\\\/www.sosgreen.cl\\\/wp-content\\\/uploads\\\/2022\\\/08\\\/2397.jpg?fit=1244%2C700&ssl=1\",\"width\":1244,\"height\":700},{\"@type\":\"WebSite\",\"@id\":\"https:\\\/\\\/www.sosgreen.cl\\\/#website\",\"url\":\"https:\\\/\\\/www.sosgreen.cl\\\/\",\"name\":\"SOS GREEN\",\"description\":\"SOS GREEN\",\"publisher\":{\"@id\":\"https:\\\/\\\/www.sosgreen.cl\\\/#organization\"},\"potentialAction\":[{\"@type\":\"SearchAction\",\"target\":{\"@type\":\"EntryPoint\",\"urlTemplate\":\"https:\\\/\\\/www.sosgreen.cl\\\/?s={search_term_string}\"},\"query-input\":{\"@type\":\"PropertyValueSpecification\",\"valueRequired\":true,\"valueName\":\"search_term_string\"}}],\"inLanguage\":\"es\"},{\"@type\":\"Organization\",\"@id\":\"https:\\\/\\\/www.sosgreen.cl\\\/#organization\",\"name\":\"SOS GREEN\",\"url\":\"https:\\\/\\\/www.sosgreen.cl\\\/\",\"logo\":{\"@type\":\"ImageObject\",\"inLanguage\":\"es\",\"@id\":\"https:\\\/\\\/www.sosgreen.cl\\\/#\\\/schema\\\/logo\\\/image\\\/\",\"url\":\"https:\\\/\\\/i0.wp.com\\\/www.sosgreen.cl\\\/wp-content\\\/uploads\\\/2022\\\/07\\\/logo-agency.png?fit=200%2C200&ssl=1\",\"contentUrl\":\"https:\\\/\\\/i0.wp.com\\\/www.sosgreen.cl\\\/wp-content\\\/uploads\\\/2022\\\/07\\\/logo-agency.png?fit=200%2C200&ssl=1\",\"width\":200,\"height\":200,\"caption\":\"SOS GREEN\"},\"image\":{\"@id\":\"https:\\\/\\\/www.sosgreen.cl\\\/#\\\/schema\\\/logo\\\/image\\\/\"}}]}<\/script>\n<!-- \/ Yoast SEO plugin. -->","yoast_head_json":{"title":"- SOS GREEN","robots":{"index":"index","follow":"follow","max-snippet":"max-snippet:-1","max-image-preview":"max-image-preview:large","max-video-preview":"max-video-preview:-1"},"canonical":"https:\/\/www.sosgreen.cl\/?page_id=158","og_locale":"es_ES","og_type":"article","og_title":"- SOS GREEN","og_description":"Misi\u00f3n Somos una consultora ambiental que asesora a sus clientes en el cumplimiento de la normativa ambiental y en desarrollar estrategias corporativas que permitan que las distintas actividades productivas disminuyan sus impactos ambientales, cumpliendo con est\u00e1ndares y requerimientos en materia ambiental e implementando buenas pr\u00e1cticas dirigidas a generar un desarrollo sostenible.&nbsp; Visi\u00f3n Buscamos ser una&hellip;&nbsp;Leer m\u00e1s &raquo;","og_url":"https:\/\/www.sosgreen.cl\/?page_id=158","og_site_name":"SOS GREEN","article_modified_time":"2022-10-17T20:49:48+00:00","og_image":[{"width":1244,"height":700,"url":"https:\/\/i0.wp.com\/www.sosgreen.cl\/wp-content\/uploads\/2022\/08\/2397.jpg?fit=1244%2C700&ssl=1","type":"image\/jpeg"}],"twitter_card":"summary_large_image","twitter_misc":{"Tiempo de lectura":"2 minutos"},"schema":{"@context":"https:\/\/schema.org","@graph":[{"@type":"WebPage","@id":"https:\/\/www.sosgreen.cl\/?page_id=158","url":"https:\/\/www.sosgreen.cl\/?page_id=158","name":"- SOS GREEN","isPartOf":{"@id":"https:\/\/www.sosgreen.cl\/#website"},"primaryImageOfPage":{"@id":"https:\/\/www.sosgreen.cl\/?page_id=158#primaryimage"},"image":{"@id":"https:\/\/www.sosgreen.cl\/?page_id=158#primaryimage"},"thumbnailUrl":"https:\/\/i0.wp.com\/www.sosgreen.cl\/wp-content\/uploads\/2022\/08\/2397.jpg?fit=1244%2C700&ssl=1","datePublished":"2022-08-11T20:58:53+00:00","dateModified":"2022-10-17T20:49:48+00:00","inLanguage":"es","potentialAction":[{"@type":"ReadAction","target":["https:\/\/www.sosgreen.cl\/?page_id=158"]}]},{"@type":"ImageObject","inLanguage":"es","@id":"https:\/\/www.sosgreen.cl\/?page_id=158#primaryimage","url":"https:\/\/i0.wp.com\/www.sosgreen.cl\/wp-content\/uploads\/2022\/08\/2397.jpg?fit=1244%2C700&ssl=1","contentUrl":"https:\/\/i0.wp.com\/www.sosgreen.cl\/wp-content\/uploads\/2022\/08\/2397.jpg?fit=1244%2C700&ssl=1","width":1244,"height":700},{"@type":"WebSite","@id":"https:\/\/www.sosgreen.cl\/#website","url":"https:\/\/www.sosgreen.cl\/","name":"SOS GREEN","description":"SOS GREEN","publisher":{"@id":"https:\/\/www.sosgreen.cl\/#organization"},"potentialAction":[{"@type":"SearchAction","target":{"@type":"EntryPoint","urlTemplate":"https:\/\/www.sosgreen.cl\/?s={search_term_string}"},"query-input":{"@type":"PropertyValueSpecification","valueRequired":true,"valueName":"search_term_string"}}],"inLanguage":"es"},{"@type":"Organization","@id":"https:\/\/www.sosgreen.cl\/#organization","name":"SOS GREEN","url":"https:\/\/www.sosgreen.cl\/","logo":{"@type":"ImageObject","inLanguage":"es","@id":"https:\/\/www.sosgreen.cl\/#\/schema\/logo\/image\/","url":"https:\/\/i0.wp.com\/www.sosgreen.cl\/wp-content\/uploads\/2022\/07\/logo-agency.png?fit=200%2C200&ssl=1","contentUrl":"https:\/\/i0.wp.com\/www.sosgreen.cl\/wp-content\/uploads\/2022\/07\/logo-agency.png?fit=200%2C200&ssl=1","width":200,"height":200,"caption":"SOS GREEN"},"image":{"@id":"https:\/\/www.sosgreen.cl\/#\/schema\/logo\/image\/"}}]}},"jetpack_sharing_enabled":true,"_links":{"self":[{"href":"https:\/\/www.sosgreen.cl\/index.php?rest_route=\/wp\/v2\/pages\/158","targetHints":{"allow":["GET"]}}],"collection":[{"href":"https:\/\/www.sosgreen.cl\/index.php?rest_route=\/wp\/v2\/pages"}],"about":[{"href":"https:\/\/www.sosgreen.cl\/index.php?rest_route=\/wp\/v2\/types\/page"}],"author":[{"embeddable":true,"href":"https:\/\/www.sosgreen.cl\/index.php?rest_route=\/wp\/v2\/users\/1"}],"replies":[{"embeddable":true,"href":"https:\/\/www.sosgreen.cl\/index.php?rest_route=%2Fwp%2Fv2%2Fcomments&post=158"}],"version-history":[{"count":5,"href":"https:\/\/www.sosgreen.cl\/index.php?rest_route=\/wp\/v2\/pages\/158\/revisions"}],"predecessor-version":[{"id":737,"href":"https:\/\/www.sosgreen.cl\/index.php?rest_route=\/wp\/v2\/pages\/158\/revisions\/737"}],"wp:featuredmedia":[{"embeddable":true,"href":"https:\/\/www.sosgreen.cl\/index.php?rest_route=\/wp\/v2\/media\/462"}],"wp:attachment":[{"href":"https:\/\/www.sosgreen.cl\/index.php?rest_route=%2Fwp%2Fv2%2Fmedia&parent=158"}],"curies":[{"name":"wp","href":"https:\/\/api.w.org\/{rel}","templated":true}]}}